{"id":752,"date":"2024-04-15T19:16:20","date_gmt":"2024-04-15T22:16:20","guid":{"rendered":"https:\/\/cucis.org.ar\/web\/?page_id=752"},"modified":"2024-04-29T17:56:45","modified_gmt":"2024-04-29T20:56:45","slug":"quienes-somos","status":"publish","type":"page","link":"https:\/\/cucis.org.ar\/web\/quienes-somos\/","title":{"rendered":"Quienes Somos"},"content":{"rendered":"\n<div class=\"wp-block-stackable-columns stk-block-columns stk-block stk-0697238\" data-block-id=\"0697238\"><div class=\"stk-row stk-inner-blocks stk-block-content stk-content-align stk-0697238-column\">\n<div class=\"wp-block-stackable-column stk-block-column stk-column stk-block stk-0e9d124\" data-v=\"4\" data-block-id=\"0e9d124\"><div class=\"stk-column-wrapper stk-block-column__content stk-container stk-0e9d124-container stk--no-background stk--no-padding\"><div class=\"stk-block-content stk-inner-blocks stk-0e9d124-inner-blocks\">\n<div class=\"wp-block-stackable-image stk-block-image stk-block stk-e8a170b\" data-block-id=\"e8a170b\"><style>.stk-e8a170b .stk-img-wrapper{height:150px !important}.stk-e8a170b .stk-img-wrapper img{object-position:48% 39% !important}<\/style><figure><span class=\"stk-img-wrapper stk-image--shape-stretch\"><img loading=\"lazy\" decoding=\"async\" class=\"stk-img wp-image-701\" src=\"https:\/\/cucis.org.ar\/web\/wp-content\/uploads\/2024\/04\/inclinado.jpg\" width=\"700\" height=\"525\" srcset=\"https:\/\/cucis.org.ar\/web\/wp-content\/uploads\/2024\/04\/inclinado.jpg 700w, https:\/\/cucis.org.ar\/web\/wp-content\/uploads\/2024\/04\/inclinado-300x225.jpg 300w\" sizes=\"auto, (max-width: 700px) 100vw, 700px\" \/><\/span><\/figure><\/div>\n<\/div><\/div><\/div>\n<\/div><\/div>\n\n\n\n<div class=\"wp-block-stackable-columns stk-block-columns stk-block stk-b3fe0c4\" data-block-id=\"b3fe0c4\"><div class=\"stk-row stk-inner-blocks stk-block-content stk-content-align stk-b3fe0c4-column\">\n<div class=\"wp-block-stackable-column stk-block-column stk-column stk-block stk-18028e2\" data-v=\"4\" data-block-id=\"18028e2\"><div class=\"stk-column-wrapper stk-block-column__content stk-container stk-18028e2-container stk--no-background stk--no-padding\"><div class=\"stk-block-content stk-inner-blocks stk-18028e2-inner-blocks\"><h2 class=\"has-text-align-center wp-block-post-title\">Quienes Somos<\/h2><\/div><\/div><\/div>\n<\/div><\/div>\n\n\n\n<p class=\"has-medium-font-size\">Somos el Colegio \u00danico de Corredores Inmobiliarios de la Provincia de Salta. Creado mediante la aprobaci\u00f3n de la <strong>Ley N\u00b0 7629<\/strong> sancionada el 31 de agosto de 2010.<\/p>\n\n\n\n<p class=\"has-palette-color-2-color has-text-color has-link-color has-medium-font-size wp-elements-e5632130a25488ca0bc4724b4aeabc82\"><strong>POL\u00cdTICA INSTITUCIONAL<\/strong><\/p>\n\n\n\n<p class=\"has-medium-font-size\">Nuestros Pol\u00edtica Institucional est\u00e1 basada en los principios, plasmados en la Ley antes mencionada, que orientan nuestra raz\u00f3n de ser y el ejercicio de nuestra profesi\u00f3n mediante una conducci\u00f3n y gesti\u00f3n de transparencia comprometida en velar y trabajar para la satisfacci\u00f3n de sus matriculados, la comunidad en su conjunto y la mejora continua de los servicios que brinda.<\/p>\n\n\n\n<p class=\"has-palette-color-2-color has-text-color has-link-color has-medium-font-size wp-elements-6bd6ac71d2476213e9d373fc7a28b879\"><strong>GESTI\u00d3N DE TRANSPARENCIA<\/strong><\/p>\n\n\n\n<p class=\"has-medium-font-size\">Vinculada a las normas de trabajo establecidas por Ley que sostiene el Colegio \u00danico de Corredores Inmobiliarios de la Provincia para garantizar el ejercicio legal y \u00e9tico, el cumplimiento de los derechos y obligaciones de la profesi\u00f3n en igualdad de condiciones para cada matriculad<\/p>\n\n\n\n<p class=\"has-palette-color-2-color has-text-color has-link-color has-medium-font-size wp-elements-0c1fb894383b42cb60b8ef8862e22433\"><strong>COMPROMISO<\/strong><\/p>\n\n\n\n<p class=\"has-medium-font-size\">Tenemos el compromiso de mantener una conducta de conducci\u00f3n \u00e9tica en funci\u00f3n de condiciones pactadas y somos independientes de posturas pol\u00edticas partidarias o religiosas.<\/p>\n\n\n\n<p class=\"has-palette-color-2-color has-text-color has-link-color has-medium-font-size wp-elements-17734375ff7ebfe8938ddb23bc87cf80\"><strong>MEJORA CONTIN\u00daA<\/strong><\/p>\n\n\n\n<p class=\"has-medium-font-size\">Estableciendo un servicio de calidad hacia nuestros matriculados y a la comunidad que asesoramos, manteniendo una actualizaci\u00f3n y capacitaci\u00f3n permanente en relaci\u00f3n con los cambios contextuales que se producen.<\/p>\n\n\n\n<p class=\"has-palette-color-2-color has-text-color has-link-color has-medium-font-size wp-elements-5fefaa2ff855c6060a055f9cabeaebd9\"><strong>INNOVACI\u00d3N<\/strong><\/p>\n\n\n\n<p class=\"has-medium-font-size\">Buscando la aplicaci\u00f3n de nuevas tecnolog\u00edas que hagan m\u00e1s eficiente y eficaz las tareas que realizamos orientadas a nuestros matriculados y a la sociedad de referencia.<\/p>\n\n\n\n<p class=\"has-palette-color-2-color has-text-color has-link-color has-medium-font-size wp-elements-811d7e793b6132f91076ca7870e93b9e\"><strong>POL\u00cdTICA INSTITUCIONAL<\/strong><\/p>\n\n\n\n<p class=\"has-medium-font-size\">Nuestros Pol\u00edtica Institucional est\u00e1 basada en los principios, plasmados en la Ley antes mencionada, que orientan nuestra raz\u00f3n de ser y el ejercicio de nuestra profesi\u00f3n mediante una conducci\u00f3n y gesti\u00f3n de transparencia comprometida en velar y trabajar para la satisfacci\u00f3n de sus matriculados, la comunidad en su conjunto y la mejora continua de los servicios que brinda.<\/p>\n\n\n\n<p class=\"has-medium-font-size\"><strong>Gesti\u00f3n de transparencia:<\/strong>&nbsp;Vinculada a las normas de trabajo establecidas por Ley que sostiene el Colegio \u00danico de Corredores Inmobiliarios de la Provincia para garantizar el ejercicio legal y \u00e9tico, el cumplimiento de los derechos y obligaciones de la profesi\u00f3n en igualdad de condiciones para cada matriculado.<\/p>\n\n\n\n<p class=\"has-medium-font-size\"><strong>Compromiso:<\/strong>&nbsp;Tenemos el compromiso de mantener una conducta de conducci\u00f3n \u00e9tica en funci\u00f3n de condiciones pactadas y somos independientes de posturas pol\u00edticas partidarias o religiosas.<\/p>\n\n\n\n<p class=\"has-medium-font-size\"><strong>Mejora Continua:<\/strong>&nbsp;Estableciendo un servicio de calidad hacia nuestros matriculados y a la comunidad que asesoramos, manteniendo una actualizaci\u00f3n y capacitaci\u00f3n permanente en relaci\u00f3n con los cambios contextuales que se producen.<\/p>\n\n\n\n<p class=\"has-medium-font-size\"><strong>Innovaci\u00f3n:<\/strong>\u00a0Buscando la aplicaci\u00f3n de nuevas tecnolog\u00edas que hagan m\u00e1s eficiente y eficaz las tareas que realizamos orientadas a nuestros matriculados y a la sociedad de referencia. <\/p>\n\n\n\n<div class=\"wp-block-buttons is-layout-flex wp-block-buttons-is-layout-flex\">\n<div class=\"wp-block-button\"><a class=\"wp-block-button__link wp-element-button\" href=\"https:\/\/cucis.org.ar\/web\/wp-content\/uploads\/2024\/04\/22-ley-7629.pdf\">DESCARGAR LEY  <strong>7629><\/strong> <\/a><\/div>\n<\/div>\n","protected":false},"excerpt":{"rendered":"<p>Somos el Colegio \u00danico de Corredores Inmobiliarios de la Provincia de Salta. Creado mediante la aprobaci\u00f3n de la Ley N\u00b0 7629 sancionada el 31 de agosto de 2010. POL\u00cdTICA INSTITUCIONAL Nuestros Pol\u00edtica Institucional est\u00e1 basada en los principios, plasmados en la Ley antes mencionada, que orientan nuestra raz\u00f3n de ser y el ejercicio de nuestra [&hellip;]<\/p>\n","protected":false},"author":3,"featured_media":0,"parent":0,"menu_order":0,"comment_status":"closed","ping_status":"closed","template":"","meta":{"footnotes":""},"class_list":["post-752","page","type-page","status-publish","hentry"],"blocksy_meta":{"has_hero_section":"disabled","styles_descriptor":{"styles":{"desktop":"","tablet":"","mobile":""},"google_fonts":[],"version":6}},"_links":{"self":[{"href":"https:\/\/cucis.org.ar\/web\/wp-json\/wp\/v2\/pages\/752","targetHints":{"allow":["GET"]}}],"collection":[{"href":"https:\/\/cucis.org.ar\/web\/wp-json\/wp\/v2\/pages"}],"about":[{"href":"https:\/\/cucis.org.ar\/web\/wp-json\/wp\/v2\/types\/page"}],"author":[{"embeddable":true,"href":"https:\/\/cucis.org.ar\/web\/wp-json\/wp\/v2\/users\/3"}],"replies":[{"embeddable":true,"href":"https:\/\/cucis.org.ar\/web\/wp-json\/wp\/v2\/comments?post=752"}],"version-history":[{"count":14,"href":"https:\/\/cucis.org.ar\/web\/wp-json\/wp\/v2\/pages\/752\/revisions"}],"predecessor-version":[{"id":1021,"href":"https:\/\/cucis.org.ar\/web\/wp-json\/wp\/v2\/pages\/752\/revisions\/1021"}],"wp:attachment":[{"href":"https:\/\/cucis.org.ar\/web\/wp-json\/wp\/v2\/media?parent=752"}],"curies":[{"name":"wp","href":"https:\/\/api.w.org\/{rel}","templated":true}]}}